{"id":6,"date":"2016-04-27T18:11:20","date_gmt":"2016-04-27T17:11:20","guid":{"rendered":"https:\/\/www.cdtintl.com\/?page_id=6"},"modified":"2022-04-21T15:20:59","modified_gmt":"2022-04-21T14:20:59","slug":"trouver-un-demenageur-pour-votre-demenagement-international","status":"publish","type":"page","link":"https:\/\/www.cdtintl.com\/","title":{"rendered":"Trouver un d\u00e9m\u00e9nageur pour votre d\u00e9m\u00e9nagement international"},"content":{"rendered":"<h2>Appeler un d\u00e9m\u00e9nageur ou non<\/h2>\n<p>D\u00e9m\u00e9nager n\u2019est pas toujours une t\u00e2che facile, pour ceux qui sont sur le point de pr\u00e9parer un d\u00e9m\u00e9nagement, ils peuvent se procurer un devis.<\/p>\n<p>Le devis varie souvent en fonction du nombre de meubles, de la distance entre l\u2019ancien logement et le futur et du <a href=\"https:\/\/demenageur.com\/devis-demenagement\/\">d\u00e9m\u00e9nageur<\/a> que la personne a choisi. Mais avec les quelques astuces qui suivent, les personnes pourront r\u00e9duire au minimum le co\u00fbt de ce transfert.<br \/>\nLe co\u00fbt varie souvent en fonction de quelques crit\u00e8res. Premi\u00e8rement, la personne devra d\u00e9finir la distance entre son ancienne demeure et la maison vers laquelle elle va loger. Ensuite, il faudra d\u00e9finir le volume, en m3 des meubles et des \u00e9quipements. En fonction de ses affaires, les propri\u00e9taires peuvent imposer au d\u00e9m\u00e9nageur certains crit\u00e8res comme l\u2019emballage ou le d\u00e9ballage. Il faut \u00e9galement savoir que pendant un d\u00e9m\u00e9nagement http:\/\/demenageur.com\u00a0, il faut veiller \u00e0 ce que le transport des meubles soit effectu\u00e9 en un seul tour. En effet, le co\u00fbt peut doubler si le camion revient pour une deuxi\u00e8me fois. Si le moment du transfert vers la nouvelle maison d\u00e9cale de quelques jours ou de quelques semaines, il faut se mettre en t\u00eate que pendant ces moments, la personne aura besoin d\u2019un garde-meuble ou d\u2019un logement temporaire. Tous ces crit\u00e8res doivent \u00eatre pris en compte pendant l\u2019\u00e9tablissement du devis de d\u00e9m\u00e9nagement. Aussi, le co\u00fbt varie en fonction du d\u00e9m\u00e9nageur que les m\u00e9nages ont choisi. Pour pouvoir tomber sur le meilleur, il faut se renseigner aupr\u00e8s de ses proches s\u2019ils en connaissent. Aussi, l\u2019int\u00e9ress\u00e9 peut demander des devis sur Internet et comparer les prix.<\/p>\n<h2>Ce qu\u2019il faut faire avant le d\u00e9m\u00e9nagement<\/h2>\n<p>Si la personne a le choix de la date, il est conseill\u00e9 de partir pendant les p\u00e9riodes o\u00f9 il y a moins de d\u00e9m\u00e9nagements. En effet, la majorit\u00e9 des personnes d\u00e9m\u00e9nagent entre mi-juin \u00e0 septembre. Cette p\u00e9riode-l\u00e0 est donc d\u00e9conseill\u00e9e car le d\u00e9m\u00e9nageur augmente leur prix jusqu\u2019\u00e0 40%. Pour les familles qui ont des enfants. Il est conseill\u00e9 de trouver une \u00e9cole pr\u00e8s du foyer pour veiller \u00e0 ce que l\u2019enfant ne passe pas une ann\u00e9e blanche. Il faut \u00e9galement trouver une \u00e9cole assez proche, c\u2019est plus pratique et les enfants seront moins fatigu\u00e9s. Ou encore, si les parents ont le choix de la p\u00e9riode, il est conseill\u00e9 de d\u00e9m\u00e9nager en fin d\u2019ann\u00e9e scolaire. L\u2019enfant s\u2019adaptera petit \u00e0 petit et sera dans son environnement \u00e0 la rentr\u00e9e des classes. Quant aux moments de rassemblement des affaires, il faut faire ses cartons de d\u00e9m\u00e9nagement quelques semaines en avant. Mais il ne faut tout de m\u00eame pas les rassembler en m\u00eame temps. Prendre soin de l\u2019emballage soi-m\u00eame est tr\u00e8s b\u00e9n\u00e9fique car cela permet \u00e0 la personne de ranger les affaires qui ne sont plus utiles et de les classer. Cette action permet \u00e9galement de connaitre la place des meubles fragiles, des \u00e9quipements lourds ou encore des affaires valeureuses. Pour le carton de d\u00e9m\u00e9nagement, la personne peut rassembler petit \u00e0 petit ses cartons.<\/p>\n<h2>D\u00e9m\u00e9nager pas cher<\/h2>\n<p>Il existe quelques petites astuces qui pourront aider \u00e0 r\u00e9duire les d\u00e9penses. Pour ne pas remplir le camion de d\u00e9m\u00e9nagement de chose inutile, il est conseill\u00e9 de se d\u00e9barrasser des affaires qui ne servent plus. Les plus malins organiseront des vides greniers ou encore proposeront leurs affaires inutiles sur Internet. Il existe beaucoup de sites qui peuvent vendre ou \u00e0 \u00e9changer des objets d\u00e9j\u00e0 utilis\u00e9s. A part les \u00e9quipements inutiles, il y a \u00e9galement les affaires que la personne pr\u00e9voit de remplacer lorsqu\u2019elle arrivera \u00e0 sa nouvelle demeure. Si la personne poss\u00e8de une voiture, qui sera transport\u00e9e, un hub pourra lui \u00eatre utile. C\u2019est un terminal dans lequel les v\u00e9hicules sont charg\u00e9s et d\u00e9charg\u00e9s, ensuite ils seront transf\u00e9r\u00e9s dans une destination d\u00e9finie. Le transport de la voiture depuis ces hubs pourra \u00eatre tr\u00e8s \u00e9conomique pour les d\u00e9m\u00e9nageurs exemple.\u00a0Certaines personnes choisissent le week-end pour ne pas rater les journ\u00e9es de travail. Pourtant, \u00e0 y penser, demander 2 ou trois jours de cong\u00e9 est plus b\u00e9n\u00e9fique que les week-ends. Premi\u00e8rement parce que les prix sont nettement plus \u00e9lev\u00e9s le week-end que le jour ouvrable. Mais surtout parce que cela demande beaucoup de travail et que si la personne ne prend pas un jour de repos, elle risque de tomber malade, ce qui serait une d\u00e9pense de plus.<\/p>\n","protected":false},"excerpt":{"rendered":"<p>Appeler un d\u00e9m\u00e9nageur ou non D\u00e9m\u00e9nager n\u2019est pas toujours une t\u00e2che facile, pour ceux qui sont sur le point de pr\u00e9parer un d\u00e9m\u00e9nagement, ils peuvent se procurer un devis. Le devis varie souvent en fonction du nombre de meubles, de la distance entre l\u2019ancien logement et le futur et du d\u00e9m\u00e9nageur que la personne a &hellip; <a href=\"https:\/\/www.cdtintl.com\/\" class=\"more-link\">Continuer la lecture de <span class=\"screen-reader-text\">Trouver un d\u00e9m\u00e9nageur pour votre d\u00e9m\u00e9nagement international<\/span> <span class=\"meta-nav\">&rarr;<\/span><\/a><\/p>\n","protected":false},"author":1,"featured_media":0,"parent":0,"menu_order":0,"comment_status":"closed","ping_status":"closed","template":"","meta":{"_seopress_robots_primary_cat":"","_seopress_titles_title":"","_seopress_titles_desc":"","_seopress_robots_index":"","footnotes":""},"class_list":["post-6","page","type-page","status-publish","hentry"],"_links":{"self":[{"href":"https:\/\/www.cdtintl.com\/index.php\/wp-json\/wp\/v2\/pages\/6","targetHints":{"allow":["GET"]}}],"collection":[{"href":"https:\/\/www.cdtintl.com\/index.php\/wp-json\/wp\/v2\/pages"}],"about":[{"href":"https:\/\/www.cdtintl.com\/index.php\/wp-json\/wp\/v2\/types\/page"}],"author":[{"embeddable":true,"href":"https:\/\/www.cdtintl.com\/index.php\/wp-json\/wp\/v2\/users\/1"}],"replies":[{"embeddable":true,"href":"https:\/\/www.cdtintl.com\/index.php\/wp-json\/wp\/v2\/comments?post=6"}],"version-history":[{"count":7,"href":"https:\/\/www.cdtintl.com\/index.php\/wp-json\/wp\/v2\/pages\/6\/revisions"}],"predecessor-version":[{"id":18,"href":"https:\/\/www.cdtintl.com\/index.php\/wp-json\/wp\/v2\/pages\/6\/revisions\/18"}],"wp:attachment":[{"href":"https:\/\/www.cdtintl.com\/index.php\/wp-json\/wp\/v2\/media?parent=6"}],"curies":[{"name":"wp","href":"https:\/\/api.w.org\/{rel}","templated":true}]}}